{"id":19640,"date":"2025-11-03T15:30:34","date_gmt":"2025-11-03T15:30:34","guid":{"rendered":"https:\/\/falper.it\/kataloge-2\/"},"modified":"2026-01-28T13:35:15","modified_gmt":"2026-01-28T13:35:15","slug":"kataloge","status":"publish","type":"page","link":"https:\/\/falper.spaceten.it\/de\/kataloge\/","title":{"rendered":"Kataloge"},"content":{"rendered":"<section class=\"l-section wpb_row us_custom_771ba643 height_large\"><div class=\"l-section-h i-cf\"><div class=\"g-cols vc_row via_grid cols_1 laptops-cols_inherit tablets-cols_inherit mobiles-cols_1 valign_top type_default stacking_default\"><div class=\"wpb_column vc_column_container\"><div class=\"vc_column-inner\"><h2 class=\"w-post-elm post_title us_custom_064d3121 entry-title color_link_inherit\">Kataloge<\/h2><div class=\"w-separator us_custom_fd8fe90a size_custom\" style=\"height:3px\"><\/div><div class=\"wpb_text_column us_custom_7c4b7cf7\"><div class=\"wpb_wrapper\"><p>Neue Kataloge 2025<\/p>\n<\/div><\/div><div class=\"w-grid us_custom_0716600f type_grid layout_3853 cols_6 overflow_hidden\" id=\"us_grid_1\" style=\"--columns:6;--gap:1.5rem;\" data-filterable=\"true\"><style>@media (max-width:1380px){#us_grid_1{--columns:3!important}}@media (max-width:1024px){#us_grid_1{--columns:2!important}}@media (max-width:600px){#us_grid_1{--columns:1!important}}.layout_3853 .w-grid-item-h{}.layout_3853 .usg_post_title_1{color:var(--color-content-text)!important;text-align:left!important;font-weight:300!important;text-transform:uppercase!important;font-style:normal!important;margin-top:15px!important}<\/style><div class=\"w-grid-list\">\t<article class=\"w-grid-item size_1x1 post-19649 post type-post status-publish format-standard hentry category-catalogo\" data-id=\"19649\">\r\n\t\t<div class=\"w-grid-item-h\">\r\n\t\t\t\t\t\t<div class=\"w-vwrapper usg_vwrapper_1 align_left valign_top has-link\" style=\"--vwrapper-gap:0.5rem\"><div class=\"w-post-elm post_custom_field usg_post_custom_field_1 type_image immagine_prodotto color_link_inherit stretched\"><img loading=\"lazy\" decoding=\"async\" width=\"1992\" height=\"2560\" src=\"https:\/\/falper.spaceten.it\/wp-content\/uploads\/2025\/10\/FALPER_2025_Bathroom-pages-images-scaled.jpg\" class=\"attachment-full size-full\" alt=\"\" srcset=\"https:\/\/falper.spaceten.it\/wp-content\/uploads\/2025\/10\/FALPER_2025_Bathroom-pages-images-scaled.jpg 1992w, https:\/\/falper.spaceten.it\/wp-content\/uploads\/2025\/10\/FALPER_2025_Bathroom-pages-images-233x300.jpg 233w, https:\/\/falper.spaceten.it\/wp-content\/uploads\/2025\/10\/FALPER_2025_Bathroom-pages-images-797x1024.jpg 797w, https:\/\/falper.spaceten.it\/wp-content\/uploads\/2025\/10\/FALPER_2025_Bathroom-pages-images-1195x1536.jpg 1195w\" sizes=\"auto, (max-width: 1992px) 100vw, 1992px\" \/><\/div><p class=\"w-post-elm post_title usg_post_title_1 has_text_color align_left entry-title color_link_inherit\"><a href=\"https:\/\/falper.spaceten.it\/wp-content\/uploads\/2025\/10\/FALPER_2025_Bathroom.pdf\">Living Bathroom 2025<\/a><\/p><a href=\"https:\/\/falper.spaceten.it\/wp-content\/uploads\/2025\/10\/FALPER_2025_Bathroom.pdf\" class=\"w-vwrapper-link smooth-scroll\" aria-label=\"Link\"><\/a><\/div>\t\t<\/div>\r\n\t\t\t<\/article>\r\n\t<article class=\"w-grid-item size_1x1 post-19645 post type-post status-publish format-standard hentry category-catalogo\" data-id=\"19645\">\r\n\t\t<div class=\"w-grid-item-h\">\r\n\t\t\t\t\t\t<div class=\"w-vwrapper usg_vwrapper_1 align_left valign_top has-link\" style=\"--vwrapper-gap:0.5rem\"><div class=\"w-post-elm post_custom_field usg_post_custom_field_1 type_image immagine_prodotto color_link_inherit stretched\"><img loading=\"lazy\" decoding=\"async\" width=\"1992\" height=\"2560\" src=\"https:\/\/falper.spaceten.it\/wp-content\/uploads\/2025\/10\/FALPER_2025_Kitchen-pages-image-scaled.jpg\" class=\"attachment-full size-full\" alt=\"\" srcset=\"https:\/\/falper.spaceten.it\/wp-content\/uploads\/2025\/10\/FALPER_2025_Kitchen-pages-image-scaled.jpg 1992w, https:\/\/falper.spaceten.it\/wp-content\/uploads\/2025\/10\/FALPER_2025_Kitchen-pages-image-233x300.jpg 233w, https:\/\/falper.spaceten.it\/wp-content\/uploads\/2025\/10\/FALPER_2025_Kitchen-pages-image-797x1024.jpg 797w, https:\/\/falper.spaceten.it\/wp-content\/uploads\/2025\/10\/FALPER_2025_Kitchen-pages-image-1195x1536.jpg 1195w\" sizes=\"auto, (max-width: 1992px) 100vw, 1992px\" \/><\/div><p class=\"w-post-elm post_title usg_post_title_1 has_text_color align_left entry-title color_link_inherit\"><a href=\"https:\/\/falper.spaceten.it\/wp-content\/uploads\/2025\/10\/FALPER_2025_Kitchens.pdf\">Living Kitchens\u2122 2025<\/a><\/p><a href=\"https:\/\/falper.spaceten.it\/wp-content\/uploads\/2025\/10\/FALPER_2025_Kitchens.pdf\" class=\"w-vwrapper-link smooth-scroll\" aria-label=\"Link\"><\/a><\/div>\t\t<\/div>\r\n\t\t\t<\/article>\r\n<\/div><div class=\"w-grid-preloader\">\t<div class=\"g-preloader type_1\">\r\n\t\t<div><\/div>\r\n\t<\/div>\r\n\t<\/div>\t<div class=\"w-grid-json hidden\" onclick='return {&quot;action&quot;:&quot;us_ajax_grid&quot;,&quot;infinite_scroll&quot;:0,&quot;max_num_pages&quot;:1,&quot;pagination&quot;:&quot;none&quot;,&quot;template_vars&quot;:{&quot;columns&quot;:&quot;6&quot;,&quot;exclude_items&quot;:&quot;none&quot;,&quot;img_size&quot;:&quot;default&quot;,&quot;ignore_items_size&quot;:0,&quot;items_layout&quot;:&quot;3853&quot;,&quot;items_offset&quot;:&quot;1&quot;,&quot;load_animation&quot;:&quot;none&quot;,&quot;overriding_link&quot;:&quot;%7B%22url%22%3A%22%22%7D&quot;,&quot;post_id&quot;:0,&quot;query_args&quot;:{&quot;post_type&quot;:[&quot;post&quot;],&quot;tax_query&quot;:[{&quot;taxonomy&quot;:&quot;category&quot;,&quot;field&quot;:&quot;slug&quot;,&quot;terms&quot;:[&quot;catalogo&quot;]}],&quot;post_status&quot;:[&quot;publish&quot;,&quot;acf-disabled&quot;],&quot;posts_per_page&quot;:&quot;5&quot;},&quot;orderby_query_args&quot;:{&quot;orderby&quot;:{&quot;date&quot;:&quot;ASC&quot;}},&quot;type&quot;:&quot;grid&quot;,&quot;us_grid_post_type&quot;:&quot;post&quot;,&quot;us_grid_ajax_index&quot;:1,&quot;us_grid_filter_query_string&quot;:null,&quot;us_grid_index&quot;:1,&quot;page_args&quot;:[],&quot;lang&quot;:&quot;de&quot;}}'><\/div>\r\n\t<\/div><\/div><\/div><\/div><\/div><\/section>\n","protected":false},"excerpt":{"rendered":"","protected":false},"author":1,"featured_media":0,"parent":0,"menu_order":0,"comment_status":"closed","ping_status":"closed","template":"","meta":{"_acf_changed":false,"footnotes":""},"class_list":["post-19640","page","type-page","status-publish","hentry"],"acf":[],"yoast_head":"<!-- This site is optimized with the Yoast SEO plugin v26.4 - https:\/\/yoast.com\/wordpress\/plugins\/seo\/ -->\n<title>Falper Kataloge | Design und Kollektionen<\/title>\n<meta name=\"description\" content=\"Durchst\u00f6bern Sie die Falper Kataloge und entdecken Sie Designer-Badezimmer- und K\u00fcchenkollektionen aus Italien, exzellente Materialien und architektonische L\u00f6sungen.\" \/>\n<meta name=\"robots\" content=\"noindex, follow, max-snippet:-1, max-image-preview:large, max-video-preview:-1\" \/>\n<meta property=\"og:locale\" content=\"de_DE\" \/>\n<meta property=\"og:type\" content=\"article\" \/>\n<meta property=\"og:title\" content=\"Falper Kataloge | Design und Kollektionen\" \/>\n<meta property=\"og:description\" content=\"Durchst\u00f6bern Sie die Falper Kataloge und entdecken Sie Designer-Badezimmer- und K\u00fcchenkollektionen aus Italien, exzellente Materialien und architektonische L\u00f6sungen.\" \/>\n<meta property=\"og:url\" content=\"https:\/\/falper.spaceten.it\/de\/kataloge\/\" \/>\n<meta property=\"og:site_name\" content=\"Falper\" \/>\n<meta property=\"article:publisher\" content=\"https:\/\/www.facebook.com\/FalperDesign\" \/>\n<meta property=\"article:modified_time\" content=\"2026-01-28T13:35:15+00:00\" \/>\n<meta name=\"twitter:card\" content=\"summary_large_image\" \/>\n<meta name=\"twitter:label1\" content=\"Gesch\u00e4tzte Lesezeit\" \/>\n\t<meta name=\"twitter:data1\" content=\"1\u00a0Minute\" \/>\n<script type=\"application\/ld+json\" class=\"yoast-schema-graph\">{\"@context\":\"https:\/\/schema.org\",\"@graph\":[{\"@type\":\"WebPage\",\"@id\":\"https:\/\/falper.spaceten.it\/de\/kataloge\/\",\"url\":\"https:\/\/falper.spaceten.it\/de\/kataloge\/\",\"name\":\"Falper Kataloge | Design und Kollektionen\",\"isPartOf\":{\"@id\":\"https:\/\/falper.spaceten.it\/#website\"},\"datePublished\":\"2025-11-03T15:30:34+00:00\",\"dateModified\":\"2026-01-28T13:35:15+00:00\",\"description\":\"Durchst\u00f6bern Sie die Falper Kataloge und entdecken Sie Designer-Badezimmer- und K\u00fcchenkollektionen aus Italien, exzellente Materialien und architektonische L\u00f6sungen.\",\"breadcrumb\":{\"@id\":\"https:\/\/falper.spaceten.it\/de\/kataloge\/#breadcrumb\"},\"inLanguage\":\"de\",\"potentialAction\":[{\"@type\":\"ReadAction\",\"target\":[\"https:\/\/falper.spaceten.it\/de\/kataloge\/\"]}]},{\"@type\":\"BreadcrumbList\",\"@id\":\"https:\/\/falper.spaceten.it\/de\/kataloge\/#breadcrumb\",\"itemListElement\":[{\"@type\":\"ListItem\",\"position\":1,\"name\":\"Home\",\"item\":\"https:\/\/falper.spaceten.it\/de\/\"},{\"@type\":\"ListItem\",\"position\":2,\"name\":\"Kataloge\"}]},{\"@type\":\"WebSite\",\"@id\":\"https:\/\/falper.spaceten.it\/#website\",\"url\":\"https:\/\/falper.spaceten.it\/\",\"name\":\"Falper\",\"description\":\"\",\"publisher\":{\"@id\":\"https:\/\/falper.spaceten.it\/#organization\"},\"potentialAction\":[{\"@type\":\"SearchAction\",\"target\":{\"@type\":\"EntryPoint\",\"urlTemplate\":\"https:\/\/falper.spaceten.it\/?s={search_term_string}\"},\"query-input\":{\"@type\":\"PropertyValueSpecification\",\"valueRequired\":true,\"valueName\":\"search_term_string\"}}],\"inLanguage\":\"de\"},{\"@type\":\"Organization\",\"@id\":\"https:\/\/falper.spaceten.it\/#organization\",\"name\":\"Falper\",\"url\":\"https:\/\/falper.spaceten.it\/\",\"logo\":{\"@type\":\"ImageObject\",\"inLanguage\":\"de\",\"@id\":\"https:\/\/falper.spaceten.it\/#\/schema\/logo\/image\/\",\"url\":\"https:\/\/falper.spaceten.it\/wp-content\/uploads\/2017\/07\/falper-logo-.svg\",\"contentUrl\":\"https:\/\/falper.spaceten.it\/wp-content\/uploads\/2017\/07\/falper-logo-.svg\",\"width\":\"1024\",\"height\":\"1024\",\"caption\":\"Falper\"},\"image\":{\"@id\":\"https:\/\/falper.spaceten.it\/#\/schema\/logo\/image\/\"},\"sameAs\":[\"https:\/\/www.facebook.com\/FalperDesign\",\"https:\/\/www.instagram.com\/falperdesign\/\",\"http:\/\/pinterest.com\/falperdesign\/\",\"http:\/\/www.linkedin.com\/company\/3070513?trk=tyah\"]}]}<\/script>\n<!-- \/ Yoast SEO plugin. -->","yoast_head_json":{"title":"Falper Kataloge | Design und Kollektionen","description":"Durchst\u00f6bern Sie die Falper Kataloge und entdecken Sie Designer-Badezimmer- und K\u00fcchenkollektionen aus Italien, exzellente Materialien und architektonische L\u00f6sungen.","robots":{"index":"noindex","follow":"follow","max-snippet":"max-snippet:-1","max-image-preview":"max-image-preview:large","max-video-preview":"max-video-preview:-1"},"og_locale":"de_DE","og_type":"article","og_title":"Falper Kataloge | Design und Kollektionen","og_description":"Durchst\u00f6bern Sie die Falper Kataloge und entdecken Sie Designer-Badezimmer- und K\u00fcchenkollektionen aus Italien, exzellente Materialien und architektonische L\u00f6sungen.","og_url":"https:\/\/falper.spaceten.it\/de\/kataloge\/","og_site_name":"Falper","article_publisher":"https:\/\/www.facebook.com\/FalperDesign","article_modified_time":"2026-01-28T13:35:15+00:00","twitter_card":"summary_large_image","twitter_misc":{"Gesch\u00e4tzte Lesezeit":"1\u00a0Minute"},"schema":{"@context":"https:\/\/schema.org","@graph":[{"@type":"WebPage","@id":"https:\/\/falper.spaceten.it\/de\/kataloge\/","url":"https:\/\/falper.spaceten.it\/de\/kataloge\/","name":"Falper Kataloge | Design und Kollektionen","isPartOf":{"@id":"https:\/\/falper.spaceten.it\/#website"},"datePublished":"2025-11-03T15:30:34+00:00","dateModified":"2026-01-28T13:35:15+00:00","description":"Durchst\u00f6bern Sie die Falper Kataloge und entdecken Sie Designer-Badezimmer- und K\u00fcchenkollektionen aus Italien, exzellente Materialien und architektonische L\u00f6sungen.","breadcrumb":{"@id":"https:\/\/falper.spaceten.it\/de\/kataloge\/#breadcrumb"},"inLanguage":"de","potentialAction":[{"@type":"ReadAction","target":["https:\/\/falper.spaceten.it\/de\/kataloge\/"]}]},{"@type":"BreadcrumbList","@id":"https:\/\/falper.spaceten.it\/de\/kataloge\/#breadcrumb","itemListElement":[{"@type":"ListItem","position":1,"name":"Home","item":"https:\/\/falper.spaceten.it\/de\/"},{"@type":"ListItem","position":2,"name":"Kataloge"}]},{"@type":"WebSite","@id":"https:\/\/falper.spaceten.it\/#website","url":"https:\/\/falper.spaceten.it\/","name":"Falper","description":"","publisher":{"@id":"https:\/\/falper.spaceten.it\/#organization"},"potentialAction":[{"@type":"SearchAction","target":{"@type":"EntryPoint","urlTemplate":"https:\/\/falper.spaceten.it\/?s={search_term_string}"},"query-input":{"@type":"PropertyValueSpecification","valueRequired":true,"valueName":"search_term_string"}}],"inLanguage":"de"},{"@type":"Organization","@id":"https:\/\/falper.spaceten.it\/#organization","name":"Falper","url":"https:\/\/falper.spaceten.it\/","logo":{"@type":"ImageObject","inLanguage":"de","@id":"https:\/\/falper.spaceten.it\/#\/schema\/logo\/image\/","url":"https:\/\/falper.spaceten.it\/wp-content\/uploads\/2017\/07\/falper-logo-.svg","contentUrl":"https:\/\/falper.spaceten.it\/wp-content\/uploads\/2017\/07\/falper-logo-.svg","width":"1024","height":"1024","caption":"Falper"},"image":{"@id":"https:\/\/falper.spaceten.it\/#\/schema\/logo\/image\/"},"sameAs":["https:\/\/www.facebook.com\/FalperDesign","https:\/\/www.instagram.com\/falperdesign\/","http:\/\/pinterest.com\/falperdesign\/","http:\/\/www.linkedin.com\/company\/3070513?trk=tyah"]}]}},"_links":{"self":[{"href":"https:\/\/falper.spaceten.it\/de\/wp-json\/wp\/v2\/pages\/19640","targetHints":{"allow":["GET"]}}],"collection":[{"href":"https:\/\/falper.spaceten.it\/de\/wp-json\/wp\/v2\/pages"}],"about":[{"href":"https:\/\/falper.spaceten.it\/de\/wp-json\/wp\/v2\/types\/page"}],"author":[{"embeddable":true,"href":"https:\/\/falper.spaceten.it\/de\/wp-json\/wp\/v2\/users\/1"}],"replies":[{"embeddable":true,"href":"https:\/\/falper.spaceten.it\/de\/wp-json\/wp\/v2\/comments?post=19640"}],"version-history":[{"count":8,"href":"https:\/\/falper.spaceten.it\/de\/wp-json\/wp\/v2\/pages\/19640\/revisions"}],"predecessor-version":[{"id":31365,"href":"https:\/\/falper.spaceten.it\/de\/wp-json\/wp\/v2\/pages\/19640\/revisions\/31365"}],"wp:attachment":[{"href":"https:\/\/falper.spaceten.it\/de\/wp-json\/wp\/v2\/media?parent=19640"}],"curies":[{"name":"wp","href":"https:\/\/api.w.org\/{rel}","templated":true}]}}