{"id":23417,"date":"2025-11-25T09:01:49","date_gmt":"2025-11-25T09:01:49","guid":{"rendered":"https:\/\/falper.it\/archilab\/"},"modified":"2026-02-04T11:00:19","modified_gmt":"2026-02-04T11:00:19","slug":"archilab","status":"publish","type":"page","link":"https:\/\/falper.spaceten.it\/fr\/archilab\/","title":{"rendered":"ArchiLAB"},"content":{"rendered":"<p>You are unauthorized to view this page.<\/p>\n","protected":false},"excerpt":{"rendered":"<p>You are unauthorized to view this page.<\/p>\n","protected":false},"author":1,"featured_media":0,"parent":0,"menu_order":0,"comment_status":"closed","ping_status":"closed","template":"","meta":{"_acf_changed":false,"footnotes":""},"class_list":["post-23417","page","type-page","status-publish","hentry"],"acf":[],"yoast_head":"<!-- This site is optimized with the Yoast SEO plugin v26.4 - https:\/\/yoast.com\/wordpress\/plugins\/seo\/ -->\n<title>Archilab Falper pour la conception de salle de bain<\/title>\n<meta name=\"description\" content=\"Archilab Falper est le laboratoire d\u00e9di\u00e9 \u00e0 la conception de salle de bain, o\u00f9 se rejoignent architecture, technique et personnalisation.\" \/>\n<meta name=\"robots\" content=\"noindex, follow, max-snippet:-1, max-image-preview:large, max-video-preview:-1\" \/>\n<meta property=\"og:locale\" content=\"fr_FR\" \/>\n<meta property=\"og:type\" content=\"article\" \/>\n<meta property=\"og:title\" content=\"Archilab Falper pour la conception de salle de bain\" \/>\n<meta property=\"og:description\" content=\"Archilab Falper est le laboratoire d\u00e9di\u00e9 \u00e0 la conception de salle de bain, o\u00f9 se rejoignent architecture, technique et personnalisation.\" \/>\n<meta property=\"og:url\" content=\"https:\/\/falper.spaceten.it\/fr\/archilab\/\" \/>\n<meta property=\"og:site_name\" content=\"Falper\" \/>\n<meta property=\"article:publisher\" content=\"https:\/\/www.facebook.com\/FalperDesign\" \/>\n<meta property=\"article:modified_time\" content=\"2026-02-04T11:00:19+00:00\" \/>\n<meta name=\"twitter:card\" content=\"summary_large_image\" \/>\n<meta name=\"twitter:label1\" content=\"Dur\u00e9e de lecture estim\u00e9e\" \/>\n\t<meta name=\"twitter:data1\" content=\"1 minute\" \/>\n<script type=\"application\/ld+json\" class=\"yoast-schema-graph\">{\"@context\":\"https:\/\/schema.org\",\"@graph\":[{\"@type\":\"WebPage\",\"@id\":\"https:\/\/falper.spaceten.it\/fr\/archilab\/\",\"url\":\"https:\/\/falper.spaceten.it\/fr\/archilab\/\",\"name\":\"Archilab Falper pour la conception de salle de bain\",\"isPartOf\":{\"@id\":\"https:\/\/falper.spaceten.it\/#website\"},\"datePublished\":\"2025-11-25T09:01:49+00:00\",\"dateModified\":\"2026-02-04T11:00:19+00:00\",\"description\":\"Archilab Falper est le laboratoire d\u00e9di\u00e9 \u00e0 la conception de salle de bain, o\u00f9 se rejoignent architecture, technique et personnalisation.\",\"breadcrumb\":{\"@id\":\"https:\/\/falper.spaceten.it\/fr\/archilab\/#breadcrumb\"},\"inLanguage\":\"fr-FR\",\"potentialAction\":[{\"@type\":\"ReadAction\",\"target\":[\"https:\/\/falper.spaceten.it\/fr\/archilab\/\"]}]},{\"@type\":\"BreadcrumbList\",\"@id\":\"https:\/\/falper.spaceten.it\/fr\/archilab\/#breadcrumb\",\"itemListElement\":[{\"@type\":\"ListItem\",\"position\":1,\"name\":\"Home\",\"item\":\"https:\/\/falper.spaceten.it\/fr\/\"},{\"@type\":\"ListItem\",\"position\":2,\"name\":\"ArchiLAB\"}]},{\"@type\":\"WebSite\",\"@id\":\"https:\/\/falper.spaceten.it\/#website\",\"url\":\"https:\/\/falper.spaceten.it\/\",\"name\":\"Falper\",\"description\":\"\",\"publisher\":{\"@id\":\"https:\/\/falper.spaceten.it\/#organization\"},\"potentialAction\":[{\"@type\":\"SearchAction\",\"target\":{\"@type\":\"EntryPoint\",\"urlTemplate\":\"https:\/\/falper.spaceten.it\/?s={search_term_string}\"},\"query-input\":{\"@type\":\"PropertyValueSpecification\",\"valueRequired\":true,\"valueName\":\"search_term_string\"}}],\"inLanguage\":\"fr-FR\"},{\"@type\":\"Organization\",\"@id\":\"https:\/\/falper.spaceten.it\/#organization\",\"name\":\"Falper\",\"url\":\"https:\/\/falper.spaceten.it\/\",\"logo\":{\"@type\":\"ImageObject\",\"inLanguage\":\"fr-FR\",\"@id\":\"https:\/\/falper.spaceten.it\/#\/schema\/logo\/image\/\",\"url\":\"https:\/\/falper.spaceten.it\/wp-content\/uploads\/2017\/07\/falper-logo-.svg\",\"contentUrl\":\"https:\/\/falper.spaceten.it\/wp-content\/uploads\/2017\/07\/falper-logo-.svg\",\"width\":\"1024\",\"height\":\"1024\",\"caption\":\"Falper\"},\"image\":{\"@id\":\"https:\/\/falper.spaceten.it\/#\/schema\/logo\/image\/\"},\"sameAs\":[\"https:\/\/www.facebook.com\/FalperDesign\",\"https:\/\/www.instagram.com\/falperdesign\/\",\"http:\/\/pinterest.com\/falperdesign\/\",\"http:\/\/www.linkedin.com\/company\/3070513?trk=tyah\"]}]}<\/script>\n<!-- \/ Yoast SEO plugin. -->","yoast_head_json":{"title":"Archilab Falper pour la conception de salle de bain","description":"Archilab Falper est le laboratoire d\u00e9di\u00e9 \u00e0 la conception de salle de bain, o\u00f9 se rejoignent architecture, technique et personnalisation.","robots":{"index":"noindex","follow":"follow","max-snippet":"max-snippet:-1","max-image-preview":"max-image-preview:large","max-video-preview":"max-video-preview:-1"},"og_locale":"fr_FR","og_type":"article","og_title":"Archilab Falper pour la conception de salle de bain","og_description":"Archilab Falper est le laboratoire d\u00e9di\u00e9 \u00e0 la conception de salle de bain, o\u00f9 se rejoignent architecture, technique et personnalisation.","og_url":"https:\/\/falper.spaceten.it\/fr\/archilab\/","og_site_name":"Falper","article_publisher":"https:\/\/www.facebook.com\/FalperDesign","article_modified_time":"2026-02-04T11:00:19+00:00","twitter_card":"summary_large_image","twitter_misc":{"Dur\u00e9e de lecture estim\u00e9e":"1 minute"},"schema":{"@context":"https:\/\/schema.org","@graph":[{"@type":"WebPage","@id":"https:\/\/falper.spaceten.it\/fr\/archilab\/","url":"https:\/\/falper.spaceten.it\/fr\/archilab\/","name":"Archilab Falper pour la conception de salle de bain","isPartOf":{"@id":"https:\/\/falper.spaceten.it\/#website"},"datePublished":"2025-11-25T09:01:49+00:00","dateModified":"2026-02-04T11:00:19+00:00","description":"Archilab Falper est le laboratoire d\u00e9di\u00e9 \u00e0 la conception de salle de bain, o\u00f9 se rejoignent architecture, technique et personnalisation.","breadcrumb":{"@id":"https:\/\/falper.spaceten.it\/fr\/archilab\/#breadcrumb"},"inLanguage":"fr-FR","potentialAction":[{"@type":"ReadAction","target":["https:\/\/falper.spaceten.it\/fr\/archilab\/"]}]},{"@type":"BreadcrumbList","@id":"https:\/\/falper.spaceten.it\/fr\/archilab\/#breadcrumb","itemListElement":[{"@type":"ListItem","position":1,"name":"Home","item":"https:\/\/falper.spaceten.it\/fr\/"},{"@type":"ListItem","position":2,"name":"ArchiLAB"}]},{"@type":"WebSite","@id":"https:\/\/falper.spaceten.it\/#website","url":"https:\/\/falper.spaceten.it\/","name":"Falper","description":"","publisher":{"@id":"https:\/\/falper.spaceten.it\/#organization"},"potentialAction":[{"@type":"SearchAction","target":{"@type":"EntryPoint","urlTemplate":"https:\/\/falper.spaceten.it\/?s={search_term_string}"},"query-input":{"@type":"PropertyValueSpecification","valueRequired":true,"valueName":"search_term_string"}}],"inLanguage":"fr-FR"},{"@type":"Organization","@id":"https:\/\/falper.spaceten.it\/#organization","name":"Falper","url":"https:\/\/falper.spaceten.it\/","logo":{"@type":"ImageObject","inLanguage":"fr-FR","@id":"https:\/\/falper.spaceten.it\/#\/schema\/logo\/image\/","url":"https:\/\/falper.spaceten.it\/wp-content\/uploads\/2017\/07\/falper-logo-.svg","contentUrl":"https:\/\/falper.spaceten.it\/wp-content\/uploads\/2017\/07\/falper-logo-.svg","width":"1024","height":"1024","caption":"Falper"},"image":{"@id":"https:\/\/falper.spaceten.it\/#\/schema\/logo\/image\/"},"sameAs":["https:\/\/www.facebook.com\/FalperDesign","https:\/\/www.instagram.com\/falperdesign\/","http:\/\/pinterest.com\/falperdesign\/","http:\/\/www.linkedin.com\/company\/3070513?trk=tyah"]}]}},"_links":{"self":[{"href":"https:\/\/falper.spaceten.it\/fr\/wp-json\/wp\/v2\/pages\/23417","targetHints":{"allow":["GET"]}}],"collection":[{"href":"https:\/\/falper.spaceten.it\/fr\/wp-json\/wp\/v2\/pages"}],"about":[{"href":"https:\/\/falper.spaceten.it\/fr\/wp-json\/wp\/v2\/types\/page"}],"author":[{"embeddable":true,"href":"https:\/\/falper.spaceten.it\/fr\/wp-json\/wp\/v2\/users\/1"}],"replies":[{"embeddable":true,"href":"https:\/\/falper.spaceten.it\/fr\/wp-json\/wp\/v2\/comments?post=23417"}],"version-history":[{"count":57,"href":"https:\/\/falper.spaceten.it\/fr\/wp-json\/wp\/v2\/pages\/23417\/revisions"}],"predecessor-version":[{"id":31690,"href":"https:\/\/falper.spaceten.it\/fr\/wp-json\/wp\/v2\/pages\/23417\/revisions\/31690"}],"wp:attachment":[{"href":"https:\/\/falper.spaceten.it\/fr\/wp-json\/wp\/v2\/media?parent=23417"}],"curies":[{"name":"wp","href":"https:\/\/api.w.org\/{rel}","templated":true}]}}